{"id":791,"date":"2016-03-10T17:40:18","date_gmt":"2016-03-10T16:40:18","guid":{"rendered":"http:\/\/www.livinroom.net\/portfolio\/?page_id=791"},"modified":"2016-03-17T15:26:46","modified_gmt":"2016-03-17T14:26:46","slug":"portfolio","status":"publish","type":"page","link":"http:\/\/www.livinroom.net\/portfolio\/","title":{"rendered":"Portfolio"},"content":{"rendered":"","protected":false},"excerpt":{"rendered":"","protected":false},"author":1,"featured_media":0,"parent":0,"menu_order":0,"comment_status":"closed","ping_status":"closed","template":"templates\/portfolio-toolkit.php","meta":{"jetpack_post_was_ever_published":false},"jetpack_sharing_enabled":true,"jetpack_shortlink":"https:\/\/wp.me\/P7k65E-cL","jetpack-related-posts":[{"id":808,"url":"http:\/\/www.livinroom.net\/portfolio\/imprint\/","url_meta":{"origin":791,"position":0},"title":"Imprint","author":"makks moond","date":"10. M\u00e4rz 2016","format":false,"excerpt":"Markus Homeier Am Salzstadel 2, D - 85072 Eichst\u00e4tt Fon 0049. 177. 250 88 60 e-Mail: info(\u00e4t)livinroom.net \u00a9 Livinroom Productions\u00a02016","rel":"","context":"\u00c4hnlicher Beitrag","block_context":{"text":"\u00c4hnlicher Beitrag","link":""},"img":{"alt_text":"","src":"","width":0,"height":0},"classes":[]},{"id":1428,"url":"http:\/\/www.livinroom.net\/portfolio\/about\/","url_meta":{"origin":791,"position":1},"title":"Who's this guy, anyway? Well,\u2026","author":"makks moond","date":"22. M\u00e4rz 2016","format":false,"excerpt":"Who's this guy, anyway? Well, actually this site is supposed to showcase\u00a0mainly my design work and should\u00a0speak for itself, but if you\u00a0must\u00a0know absolutely - let's start the\u00a0shameless self promotion:\u00a0I am a versatile and experienced creative, whose passion for images and sounds is the driving force for his work. This includes\u2026","rel":"","context":"\u00c4hnlicher Beitrag","block_context":{"text":"\u00c4hnlicher Beitrag","link":""},"img":{"alt_text":"","src":"https:\/\/i0.wp.com\/www.livinroom.net\/portfolio\/wp-content\/uploads\/2016\/03\/MM.jpg?resize=350%2C200","width":350,"height":200},"classes":[]}],"_links":{"self":[{"href":"http:\/\/www.livinroom.net\/portfolio\/wp-json\/wp\/v2\/pages\/791"}],"collection":[{"href":"http:\/\/www.livinroom.net\/portfolio\/wp-json\/wp\/v2\/pages"}],"about":[{"href":"http:\/\/www.livinroom.net\/portfolio\/wp-json\/wp\/v2\/types\/page"}],"author":[{"embeddable":true,"href":"http:\/\/www.livinroom.net\/portfolio\/wp-json\/wp\/v2\/users\/1"}],"replies":[{"embeddable":true,"href":"http:\/\/www.livinroom.net\/portfolio\/wp-json\/wp\/v2\/comments?post=791"}],"version-history":[{"count":8,"href":"http:\/\/www.livinroom.net\/portfolio\/wp-json\/wp\/v2\/pages\/791\/revisions"}],"predecessor-version":[{"id":1185,"href":"http:\/\/www.livinroom.net\/portfolio\/wp-json\/wp\/v2\/pages\/791\/revisions\/1185"}],"wp:attachment":[{"href":"http:\/\/www.livinroom.net\/portfolio\/wp-json\/wp\/v2\/media?parent=791"}],"curies":[{"name":"wp","href":"https:\/\/api.w.org\/{rel}","templated":true}]}}